{"id":33,"date":"2017-03-24T18:44:06","date_gmt":"2017-03-24T16:44:06","guid":{"rendered":"http:\/\/assetsteenused.ee\/?page_id=33"},"modified":"2017-06-06T11:46:18","modified_gmt":"2017-06-06T08:46:18","slug":"palga-ja-personaliarvestus","status":"publish","type":"page","link":"https:\/\/assetsteenused.ee\/?page_id=33","title":{"rendered":"Palga- ja personaliarvestus"},"content":{"rendered":"<p><span style=\"color: #000000;\">Palga- ja personaliarvestus<\/span><\/p>\n<ul id=\"palga\">\n<li><span style=\"color: #000000;\">t\u00f6\u00f6tajate igakuine palkade arvestamine ja palgalehtede koostamine<\/span><\/li>\n<li><span style=\"color: #000000;\">lisatasude, preemiate arvestamine<\/span><\/li>\n<li><span style=\"color: #000000;\">puhkuse- ja l\u00f5pparvete arvestamine<\/span><\/li>\n<li><span style=\"color: #000000;\">n\u00f5ustamine t\u00f6\u00f6lepingute s\u00f5lmimisega seotud k\u00fcsimustes<\/span><\/li>\n<li><span style=\"color: #000000;\">n\u00f5ustamine t\u00f6\u00f6lepingu l\u00f5petamisega seotud k\u00fcsimustes vajadusel koos vajalike dokumentide ettevalmistamisega<\/span><\/li>\n<li><span style=\"color: #000000;\">n\u00f5ustamine t\u00f6\u00f6lepinguga seotud erijuhtudel vajadusel koos vajalike dokumentide ettevalmistamisega<\/span><\/li>\n<li><span style=\"color: #000000;\">t\u00f6\u00f6v\u00f5imetuslehtede t\u00e4itmine ja esitamine Haigekassale<\/span><\/li>\n<li><span style=\"color: #000000;\">palkade ja maksude ettevalmistamine internetipangas<\/span><\/li>\n<\/ul>\n","protected":false},"excerpt":{"rendered":"<p>Palga- ja personaliarvestus t\u00f6\u00f6tajate igakuine palkade arvestamine ja palgalehtede koostamine lisatasude, preemiate arvestamine puhkuse- ja l\u00f5pparvete arvestamine n\u00f5ustamine t\u00f6\u00f6lepingute s\u00f5lmimisega seotud k\u00fcsimustes n\u00f5ustamine t\u00f6\u00f6lepingu l\u00f5petamisega seotud k\u00fcsimustes vajadusel koos vajalike &#8230;<\/p>\n","protected":false},"author":1,"featured_media":0,"parent":2,"menu_order":2,"comment_status":"closed","ping_status":"closed","template":"","meta":{"footnotes":""},"class_list":["post-33","page","type-page","status-publish","hentry"],"jetpack_sharing_enabled":true,"_links":{"self":[{"href":"https:\/\/assetsteenused.ee\/index.php?rest_route=\/wp\/v2\/pages\/33","targetHints":{"allow":["GET"]}}],"collection":[{"href":"https:\/\/assetsteenused.ee\/index.php?rest_route=\/wp\/v2\/pages"}],"about":[{"href":"https:\/\/assetsteenused.ee\/index.php?rest_route=\/wp\/v2\/types\/page"}],"author":[{"embeddable":true,"href":"https:\/\/assetsteenused.ee\/index.php?rest_route=\/wp\/v2\/users\/1"}],"replies":[{"embeddable":true,"href":"https:\/\/assetsteenused.ee\/index.php?rest_route=%2Fwp%2Fv2%2Fcomments&post=33"}],"version-history":[{"count":3,"href":"https:\/\/assetsteenused.ee\/index.php?rest_route=\/wp\/v2\/pages\/33\/revisions"}],"predecessor-version":[{"id":365,"href":"https:\/\/assetsteenused.ee\/index.php?rest_route=\/wp\/v2\/pages\/33\/revisions\/365"}],"up":[{"embeddable":true,"href":"https:\/\/assetsteenused.ee\/index.php?rest_route=\/wp\/v2\/pages\/2"}],"wp:attachment":[{"href":"https:\/\/assetsteenused.ee\/index.php?rest_route=%2Fwp%2Fv2%2Fmedia&parent=33"}],"curies":[{"name":"wp","href":"https:\/\/api.w.org\/{rel}","templated":true}]}}