{"id":39,"date":"2017-03-24T18:48:07","date_gmt":"2017-03-24T16:48:07","guid":{"rendered":"http:\/\/assetsteenused.ee\/?page_id=39"},"modified":"2020-02-28T11:16:45","modified_gmt":"2020-02-28T09:16:45","slug":"ariuhingute-loomine-ja-muutmine","status":"publish","type":"page","link":"https:\/\/assetsteenused.ee\/?page_id=39","title":{"rendered":"\u00c4ri\u00fchingute loomine ja muutmine"},"content":{"rendered":"<p><span style=\"color: #000000;\">\u00c4ri\u00fchingute loomine ja muutmine<\/span><\/p>\n<ul>\n<li><span style=\"color: #000000;\">\u00e4ri\u00fchingute asutamise abistamine Ettev\u00f5tjaportaali kaudu<\/span><\/li>\n<li><span style=\"color: #000000;\">muutmiskannete tegemise abistamine<\/span><\/li>\n<li><span style=\"color: #000000;\">p\u00f5hikirja muutmine<\/span><\/li>\n<li><span style=\"color: #000000;\">\u00e4ri\u00fchingute likvideerimine Ettev\u00f5tjaportaali kaudu<\/span><\/li>\n<\/ul>\n","protected":false},"excerpt":{"rendered":"<p>\u00c4ri\u00fchingute loomine ja muutmine \u00e4ri\u00fchingute asutamise abistamine Ettev\u00f5tjaportaali kaudu muutmiskannete tegemise abistamine p\u00f5hikirja muutmine \u00e4ri\u00fchingute likvideerimine Ettev\u00f5tjaportaali kaudu<\/p>\n","protected":false},"author":1,"featured_media":0,"parent":2,"menu_order":4,"comment_status":"closed","ping_status":"closed","template":"","meta":{"footnotes":""},"class_list":["post-39","page","type-page","status-publish","hentry"],"jetpack_sharing_enabled":true,"_links":{"self":[{"href":"https:\/\/assetsteenused.ee\/index.php?rest_route=\/wp\/v2\/pages\/39","targetHints":{"allow":["GET"]}}],"collection":[{"href":"https:\/\/assetsteenused.ee\/index.php?rest_route=\/wp\/v2\/pages"}],"about":[{"href":"https:\/\/assetsteenused.ee\/index.php?rest_route=\/wp\/v2\/types\/page"}],"author":[{"embeddable":true,"href":"https:\/\/assetsteenused.ee\/index.php?rest_route=\/wp\/v2\/users\/1"}],"replies":[{"embeddable":true,"href":"https:\/\/assetsteenused.ee\/index.php?rest_route=%2Fwp%2Fv2%2Fcomments&post=39"}],"version-history":[{"count":2,"href":"https:\/\/assetsteenused.ee\/index.php?rest_route=\/wp\/v2\/pages\/39\/revisions"}],"predecessor-version":[{"id":366,"href":"https:\/\/assetsteenused.ee\/index.php?rest_route=\/wp\/v2\/pages\/39\/revisions\/366"}],"up":[{"embeddable":true,"href":"https:\/\/assetsteenused.ee\/index.php?rest_route=\/wp\/v2\/pages\/2"}],"wp:attachment":[{"href":"https:\/\/assetsteenused.ee\/index.php?rest_route=%2Fwp%2Fv2%2Fmedia&parent=39"}],"curies":[{"name":"wp","href":"https:\/\/api.w.org\/{rel}","templated":true}]}}